{"id":714,"date":"2024-03-13T18:00:23","date_gmt":"2024-03-13T17:00:23","guid":{"rendered":"https:\/\/moulindekerroch.fr\/?page_id=714"},"modified":"2024-04-15T22:35:25","modified_gmt":"2024-04-15T20:35:25","slug":"elementor-714","status":"publish","type":"page","link":"https:\/\/moulindekerroch.fr\/index.php\/elementor-714\/","title":{"rendered":"Elementor #714"},"content":{"rendered":"\t\t<div data-elementor-type=\"wp-page\" data-elementor-id=\"714\" class=\"elementor elementor-714\">\n\t\t\t\t<div class=\"elementor-element elementor-element-6c6c352 e-flex e-con-boxed e-con e-parent\" data-id=\"6c6c352\" data-element_type=\"container\" data-settings=\"{&quot;background_background&quot;:&quot;classic&quot;}\">\n\t\t\t\t\t<div class=\"e-con-inner\">\n\t\t\t\t\t<\/div>\n\t\t\t\t<\/div>\n\t\t<div class=\"elementor-element elementor-element-dd9cd49 e-flex e-con-boxed e-con e-parent\" data-id=\"dd9cd49\" data-element_type=\"container\" data-settings=\"{&quot;background_background&quot;:&quot;classic&quot;}\">\n\t\t\t\t\t<div class=\"e-con-inner\">\n\t\t\t\t<div class=\"elementor-element elementor-element-a781a30 elementor-widget elementor-widget-html\" data-id=\"a781a30\" data-element_type=\"widget\" data-widget_type=\"html.default\">\n\t\t\t\t<div class=\"elementor-widget-container\">\n\t\t\t<!-- wp:group {\"style\":{\"spacing\":{\"padding\":{\"top\":\"7vw\",\"bottom\":\"7vw\",\"right\":\"4vw\",\"left\":\"4vw\"}},\"color\":{\"background\":\"#c6d0ea\"}},\"textColor\":\"background\",\"className\":\"has-white-color\"} -->\r\n<div class=\"wp-block-group has-white-color has-background-color has-text-color has-background\" style=\"background-color:#c6d0ea;padding-top:7vw;padding-right:4vw;padding-bottom:7vw;padding-left:4vw\"><!-- wp:paragraph {\"style\":{\"typography\":{\"fontSize\":20}}} -->\r\n<p style=\"font-size:20px\"><\/p>\r\n<!-- \/wp:paragraph -->\r\n\r\n<!-- wp:heading {\"level\":1} -->\r\n<h1 class=\"wp-block-heading\" id=\"cc-m-header-5857474866\">Conditions g\u00e9n\u00e9rales de vente.<\/h1>\r\n<!-- \/wp:heading -->\r\n\r\n<!-- wp:heading {\"level\":3} -->\r\n<h3 class=\"wp-block-heading\" id=\"cc-m-header-5857475166\">R\u00e9servations<\/h3>\r\n<!-- \/wp:heading -->\r\n\r\n<!-- wp:paragraph -->\r\n<p>Pour r\u00e9server votre s\u00e9jour dans notre site de nuit romantique au \"Moulin Kerroc'h\", veuillez utiliser notre module de r\u00e9servation en ligne sur notre site internet.<\/p>\r\n<!-- \/wp:paragraph -->\r\n\r\n<!-- wp:paragraph -->\r\n<p>Les disponibilit\u00e9s sont consultables sur le calendrier du module de r\u00e9servation. Un acompte de 25% du montant total de votre s\u00e9jour, payable par ch\u00e9que ou virement.<\/p>\r\n<!-- \/wp:paragraph -->\r\n\r\n<!-- wp:paragraph -->\r\n<p>La r\u00e9servation sera confirm\u00e9e uniquement apr\u00e8s le paiement de cet acompte de 25%.<\/p>\r\n<!-- \/wp:paragraph -->\r\n\r\n<!-- wp:heading {\"level\":3} -->\r\n<h3 class=\"wp-block-heading\" id=\"cc-m-header-5857481766\">R\u00e8glement <\/h3>\r\n<!-- \/wp:heading -->\r\n\r\n<!-- wp:paragraph -->\r\n<p>Le r\u00e8glement de votre s\u00e9jour \u00e0 votre arriv\u00e9e peut \u00eatre effectu\u00e9 en esp\u00e8ces ou par ch\u00e8que.<\/p>\r\n<!-- \/wp:paragraph -->\r\n\r\n<!-- wp:paragraph -->\r\n\r\n<!-- \/wp:paragraph -->\r\n\r\n<!-- wp:paragraph -->\r\n<p>Les arriv\u00e9es sont autoris\u00e9es \u00e0 partir de 17h30.<\/p>\r\n<!-- \/wp:paragraph -->\r\n\r\n<!-- wp:paragraph -->\r\n<p>L'acc\u00e8s \u00e0 votre s\u00e9jour ne sera possible qu'apr\u00e8s le paiement int\u00e9gral de votre s\u00e9jour et de la caution.<\/p>\r\n<!-- \/wp:paragraph -->\r\n\r\n<!-- wp:heading {\"level\":3} -->\r\n<h3 class=\"wp-block-heading\" id=\"cc-m-header-5857490366\">Tarifs<\/h3>\r\n<!-- \/wp:heading -->\r\n\r\n<!-- wp:paragraph -->\r\n<p>Le tarif de base par nuit\u00e9e est de 180 euros.<\/p>\r\n<!-- \/wp:paragraph -->\r\n\r\n<!-- wp:paragraph -->\r\n<p>Des tarifs diff\u00e9rents peuvent \u00eatre appliqu\u00e9s selon les p\u00e9riodes de r\u00e9servation.<\/p>\r\n<!-- \/wp:paragraph -->\r\n\r\n<!-- wp:paragraph -->\r\n<p>Le tarif en vigueur est toujours celui affich\u00e9 dans le module de r\u00e9servation en ligne.<\/p>\r\n<!-- \/wp:paragraph -->\r\n\r\n<!-- wp:paragraph -->\r\n<p>Les tarifs sont toutes taxes comprises et incluent le petit-d\u00e9jeuner.<\/p>\r\n<!-- \/wp:paragraph -->\r\n\r\n<!-- wp:paragraph -->\r\n<p><\/p>\r\n<!-- \/wp:paragraph -->\r\n\r\n<!-- wp:heading {\"level\":3} -->\r\n<h3 class=\"wp-block-heading\" id=\"cc-m-header-5857500666\">Annulation<\/h3>\r\n<!-- \/wp:heading -->\r\n\r\n<!-- wp:paragraph -->\r\n<p>L'annulation de votre r\u00e9servation est possible sans frais jusqu'\u00e0 15 jours avant la date de votre s\u00e9jour. Au-del\u00e0, l'acompte de 25% vers\u00e9 ne pourra \u00eatre rembours\u00e9.<\/p>\r\n<!-- \/wp:paragraph -->\r\n\r\n<!-- wp:paragraph -->\r\n<p>En cas d'interruption de votre s\u00e9jour ind\u00e9pendante de notre volont\u00e9, le montant total du s\u00e9jour reste d\u00fb.<\/p>\r\n<!-- \/wp:paragraph -->\r\n\r\n<!-- wp:paragraph -->\r\n<p>En cas de non-pr\u00e9sentation \u00e0 la date pr\u00e9vue de votre arriv\u00e9e, le montant total du s\u00e9jour reste d\u00fb.<\/p>\r\n<!-- \/wp:paragraph -->\r\n\r\n<!-- wp:heading {\"level\":3} -->\r\n<h3 class=\"wp-block-heading\" id=\"cc-m-header-5858095466\">Utilisation de la Baln\u00e9o<\/h3>\r\n<!-- \/wp:heading -->\r\n\r\n<!-- wp:paragraph -->\r\n<p>L'utilisation de la Baln\u00e9o est r\u00e9serv\u00e9e en exclusivit\u00e9.<\/p>\r\n<!-- \/wp:paragraph -->\r\n\r\n<!-- wp:paragraph -->\r\n<p>Pour des raisons de s\u00e9curit\u00e9 et pour maintenir des prestations optimales tout au long de votre s\u00e9jour, des r\u00e8gles strictes doivent \u00eatre respect\u00e9es :<\/p>\r\n<!-- \/wp:paragraph -->\r\n\r\n<!-- wp:paragraph -->\r\n<p>Il est strictement interdit d'introduire dans l'eau des produits tels que parfum, huile solaire, savon, huiles de massage et tout autre produit pouvant alt\u00e9rer le fonctionnement de la baln\u00e9o.<\/p>\r\n<!-- \/wp:paragraph -->\r\n\r\n<!-- wp:paragraph -->\r\n<p>Les produits alimentaires ainsi que les r\u00e9cipients en verre sont interdits pendant l'utilisation.<\/p>\r\n<!-- \/wp:paragraph -->\r\n\r\n<!-- wp:paragraph -->\r\n<p>Il est formellement interdit de fumer dans l'int\u00e9gralit\u00e9 du logement.<\/p>\r\n<!-- \/wp:paragraph -->\r\n\r\n<!-- wp:paragraph -->\r\n<p>Les animaux ne sont pas autoris\u00e9s.<\/p>\r\n<!-- \/wp:paragraph -->\r\n\r\n<!-- wp:paragraph -->\r\n<p>L'utilisation est limit\u00e9e \u00e0 deux personnes.<\/p>\r\n<!-- \/wp:paragraph -->\r\n\r\n<!-- wp:paragraph -->\r\n<p>Il est recommand\u00e9 aux utilisateurs de consulter leur m\u00e9decin pour s'assurer qu'il n'y a aucune contre-indication \u00e0 l'utilisation de la fonction jacuzzi, notamment pour les personnes sous traitement m\u00e9dicamenteux, les femmes enceintes et les personnes cardiaques.<\/p>\r\n<!-- \/wp:paragraph -->\r\n\r\n<!-- wp:paragraph -->\r\n<p>Le non-respect des consignes d'utilisation du jacuzzi\/baln\u00e9o peut entra\u00eener une retenue sur votre caution.<\/p>\r\n<!-- \/wp:paragraph -->\r\n\r\n<!-- wp:paragraph -->\r\n<p>Le logement insolite \"Moulin Kerroc'h\" d\u00e9cline toute responsabilit\u00e9 en cas d'accident, de vol ou de noyade.<\/p>\r\n<!-- \/wp:paragraph -->\r\n\r\n<!-- wp:paragraph -->\r\n<p>Des peignoirs, serviettes et chaussons jetables sont mis \u00e0 votre disposition.<\/p>\r\n<!-- \/wp:paragraph -->\r\n\r\n<!-- wp:paragraph -->\r\n<p><\/p>\r\n<!-- \/wp:paragraph -->\r\n\r\n<!-- wp:paragraph -->\r\n<p>Capacit\u00e9<\/p>\r\n<!-- \/wp:paragraph -->\r\n\r\n<!-- wp:paragraph -->\r\n<p>La capacit\u00e9 d'accueil est strictement limit\u00e9e \u00e0 deux adultes.<\/p>\r\n<!-- \/wp:paragraph -->\r\n\r\n<!-- wp:paragraph -->\r\n<p>Les animaux ne sont pas accept\u00e9s. Il est interdit de fumer \u00e0 l'int\u00e9rieur.<\/p>\r\n<!-- \/wp:paragraph --><\/div>\r\n<!-- \/wp:group -->\r\n\r\n<!-- wp:group {\"style\":{\"spacing\":{\"padding\":{\"top\":\"7vw\",\"bottom\":\"7vw\",\"right\":\"4vw\",\"left\":\"4vw\"}},\"color\":{\"background\":\"#bdcad1\"}},\"textColor\":\"background\",\"className\":\"has-white-color\",\"fontSize\":\"normal\"} -->\r\n<div class=\"wp-block-group has-white-color has-background-color has-text-color has-background has-normal-font-size\" style=\"background-color:#bdcad1;padding-top:7vw;padding-right:4vw;padding-bottom:7vw;padding-left:4vw\"><!-- wp:heading {\"level\":3} -->\r\n<h3 class=\"wp-block-heading\" id=\"cc-m-header-5862807766\">Repas et utilisation de la cuisine<\/h3>\r\n<!-- \/wp:heading -->\r\n\r\n<!-- wp:paragraph -->\r\n<p>Une cuisine est \u00e0 votre disposition pour ceux qui souhaitent apporter leur repas pour la soir\u00e9e.<\/p>\r\n<!-- \/wp:paragraph -->\r\n\r\n<!-- wp:paragraph -->\r\n<p>Elle est \u00e9quip\u00e9e d'un r\u00e9frig\u00e9rateur-cong\u00e9lateur, d'un four, d'une plaque \u00e0 induction, d'un micro-ondes, d'une cafeti\u00e8re et d'un grille-pain.<\/p>\r\n<!-- \/wp:paragraph -->\r\n\r\n<!-- wp:paragraph -->\r\n<p>La vaisselle et l'\u00e9quipement de base pour deux personnes sont fournis.<\/p>\r\n<!-- \/wp:paragraph -->\r\n\r\n<!-- wp:paragraph -->\r\n<p>Si vous apportez votre repas, le nettoyage de la cuisine et de la vaisselle est \u00e0 votre charge.<\/p>\r\n<!-- \/wp:paragraph -->\r\n\r\n<!-- wp:paragraph -->\r\n<p>Dans le cas d'une commande de plateau repas lors de la r\u00e9servation, le nettoyage de la cuisine reste \u00e0 notre charge.<\/p>\r\n<!-- \/wp:paragraph --><\/div>\r\n<!-- \/wp:group -->\t\t<\/div>\n\t\t\t\t<\/div>\n\t\t\t\t\t<\/div>\n\t\t\t\t<\/div>\n\t\t\t\t<\/div>\n\t\t","protected":false},"excerpt":{"rendered":"<p>Conditions g\u00e9n\u00e9rales de vente. R\u00e9servations Pour r\u00e9server votre s\u00e9jour dans notre site de nuit romantique au &#8220;Moulin Kerroc&#8217;h&#8221;, veuillez utiliser notre module de r\u00e9servation en ligne sur notre site internet. Les disponibilit\u00e9s sont consultables sur le calendrier du module de r\u00e9servation. Un acompte de 25% du montant total de votre s\u00e9jour, payable par ch\u00e9que ou&hellip;&nbsp;<a href=\"https:\/\/moulindekerroch.fr\/index.php\/elementor-714\/\" class=\"\" rel=\"bookmark\">Read More &raquo;<span class=\"screen-reader-text\">Elementor #714<\/span><\/a><\/p>\n","protected":false},"author":1,"featured_media":0,"parent":0,"menu_order":0,"comment_status":"closed","ping_status":"closed","template":"page-templates\/template-pagebuilder-full-width.php","meta":{"_monsterinsights_skip_tracking":false,"_monsterinsights_sitenote_active":false,"_monsterinsights_sitenote_note":"","_monsterinsights_sitenote_category":0,"neve_meta_sidebar":"","neve_meta_container":"","neve_meta_enable_content_width":"","neve_meta_content_width":0,"neve_meta_title_alignment":"","neve_meta_author_avatar":"","neve_post_elements_order":"","neve_meta_disable_header":"","neve_meta_disable_footer":"","neve_meta_disable_title":"","_ti_tpc_template_sync":false,"_ti_tpc_template_id":"","footnotes":""},"_links":{"self":[{"href":"https:\/\/moulindekerroch.fr\/index.php\/wp-json\/wp\/v2\/pages\/714"}],"collection":[{"href":"https:\/\/moulindekerroch.fr\/index.php\/wp-json\/wp\/v2\/pages"}],"about":[{"href":"https:\/\/moulindekerroch.fr\/index.php\/wp-json\/wp\/v2\/types\/page"}],"author":[{"embeddable":true,"href":"https:\/\/moulindekerroch.fr\/index.php\/wp-json\/wp\/v2\/users\/1"}],"replies":[{"embeddable":true,"href":"https:\/\/moulindekerroch.fr\/index.php\/wp-json\/wp\/v2\/comments?post=714"}],"version-history":[{"count":13,"href":"https:\/\/moulindekerroch.fr\/index.php\/wp-json\/wp\/v2\/pages\/714\/revisions"}],"predecessor-version":[{"id":957,"href":"https:\/\/moulindekerroch.fr\/index.php\/wp-json\/wp\/v2\/pages\/714\/revisions\/957"}],"wp:attachment":[{"href":"https:\/\/moulindekerroch.fr\/index.php\/wp-json\/wp\/v2\/media?parent=714"}],"curies":[{"name":"wp","href":"https:\/\/api.w.org\/{rel}","templated":true}]}}